  {"id":13,"date":"2019-12-07T19:13:00","date_gmt":"2019-12-07T19:13:00","guid":{"rendered":"http:\/\/www.fotoklub-maribor.si\/klub\/?page_id=13"},"modified":"2021-01-28T13:11:00","modified_gmt":"2021-01-28T13:11:00","slug":"studio","status":"publish","type":"page","link":"http:\/\/www.fotoklub-maribor.si\/klub\/studio\/","title":{"rendered":"ATELJE"},"content":{"rendered":"\t\t<div data-elementor-type=\"wp-page\" data-elementor-id=\"13\" class=\"elementor elementor-13\" data-elementor-settings=\"[]\">\n\t\t\t\t\t\t<div class=\"elementor-inner\">\n\t\t\t\t\t\t\t<div class=\"elementor-section-wrap\">\n\t\t\t\t\t\t\t<section class=\"elementor-section elementor-top-section elementor-element elementor-element-d40f996 elementor-section-boxed elementor-section-height-default elementor-section-height-default\" data-id=\"d40f996\" data-element_type=\"section\">\n\t\t\t\t\t\t<div class=\"elementor-container elementor-column-gap-default\">\n\t\t\t\t\t\t\t<div class=\"elementor-row\">\n\t\t\t\t\t<div class=\"elementor-column elementor-col-100 elementor-top-column elementor-element elementor-element-0d1b038\" data-id=\"0d1b038\" data-element_type=\"column\">\n\t\t\t<div class=\"elementor-column-wrap elementor-element-populated\">\n\t\t\t\t\t\t\t<div class=\"elementor-widget-wrap\">\n\t\t\t\t\t\t<div class=\"elementor-element elementor-element-20d99f2 elementor-widget elementor-widget-heading\" data-id=\"20d99f2\" data-element_type=\"widget\" data-widget_type=\"heading.default\">\n\t\t\t\t<div class=\"elementor-widget-container\">\n\t\t\t<h2 class=\"elementor-heading-title elementor-size-default\"><a href=\"https:\/\/calendar.google.com\/calendar\/u\/3?cid=czIyZ2YycGoyM3VodHI5b203OGFjZzR0N2tAZ3JvdXAuY2FsZW5kYXIuZ29vZ2xlLmNvbQ\">KOLEDAR REZERVACIJ<br><\/a><\/h2>\t\t<\/div>\n\t\t\t\t<\/div>\n\t\t\t\t\t\t<\/div>\n\t\t\t\t\t<\/div>\n\t\t<\/div>\n\t\t\t\t\t\t\t\t<\/div>\n\t\t\t\t\t<\/div>\n\t\t<\/section>\n\t\t\t\t<section class=\"elementor-section elementor-top-section elementor-element elementor-element-32bee2f elementor-section-boxed elementor-section-height-default elementor-section-height-default\" data-id=\"32bee2f\" data-element_type=\"section\">\n\t\t\t\t\t\t<div class=\"elementor-container elementor-column-gap-default\">\n\t\t\t\t\t\t\t<div class=\"elementor-row\">\n\t\t\t\t\t<div class=\"elementor-column elementor-col-100 elementor-top-column elementor-element elementor-element-0fa7077\" data-id=\"0fa7077\" data-element_type=\"column\">\n\t\t\t<div class=\"elementor-column-wrap elementor-element-populated\">\n\t\t\t\t\t\t\t<div class=\"elementor-widget-wrap\">\n\t\t\t\t\t\t<div class=\"elementor-element elementor-element-8735ccc elementor-widget elementor-widget-html\" data-id=\"8735ccc\" data-element_type=\"widget\" data-widget_type=\"html.default\">\n\t\t\t\t<div class=\"elementor-widget-container\">\n\t\t\t<iframe loading=\"lazy\" style=\"border: 0;\" src=\"https:\/\/calendar.google.com\/calendar\/embed?height=400&amp;wkst=1&amp;bgcolor=%23FFFFFF&amp;src=s22gf2pj23uhtr9om78acg4t7k%40group.calendar.google.com&amp;color=%232952A3&amp;ctz=Europe%2FBelgrade\" scrolling=\"no\" width=\"100%\" height=\"600\" frameborder=\"0\"><\/iframe>\t\t<\/div>\n\t\t\t\t<\/div>\n\t\t\t\t\t\t<\/div>\n\t\t\t\t\t<\/div>\n\t\t<\/div>\n\t\t\t\t\t\t\t\t<\/div>\n\t\t\t\t\t<\/div>\n\t\t<\/section>\n\t\t\t\t<section class=\"elementor-section elementor-top-section elementor-element elementor-element-298d36b elementor-section-boxed elementor-section-height-default elementor-section-height-default\" data-id=\"298d36b\" data-element_type=\"section\">\n\t\t\t\t\t\t<div class=\"elementor-container elementor-column-gap-default\">\n\t\t\t\t\t\t\t<div class=\"elementor-row\">\n\t\t\t\t\t<div class=\"elementor-column elementor-col-100 elementor-top-column elementor-element elementor-element-7f828a9d\" data-id=\"7f828a9d\" data-element_type=\"column\">\n\t\t\t<div class=\"elementor-column-wrap elementor-element-populated\">\n\t\t\t\t\t\t\t<div class=\"elementor-widget-wrap\">\n\t\t\t\t\t\t<div class=\"elementor-element elementor-element-3b768d54 elementor-widget elementor-widget-text-editor\" data-id=\"3b768d54\" data-element_type=\"widget\" data-widget_type=\"text-editor.default\">\n\t\t\t\t<div class=\"elementor-widget-container\">\n\t\t\t\t\t<div class=\"elementor-text-editor elementor-clearfix\"><p><span lang=\"SL\">Atelje <\/span>je namenjen umetni\u0161kemu ustvarjanju \u010dlanov Fotokluba Maribor, izvedbi predavanj in delavnic v okvirju Fotokluba Maribor, izvedbi klubskih ve\u010derov Fotokluba Maribor, izvedbi klubskih sestankov in skup\u0161\u010dine Fotokluba Maribor ter preno\u010devanju gostujo\u010dih umetnikov.<\/p><p>Pravico do vstopa imajo uporabniki, ki so pla\u010dali \u010dlanarino za uporabo ateljeja v teko\u010dem letu<span lang=\"SL\"> in imajo poravnano \u010dlanske obveznosti do FKMB,<\/span>\u00a0 oziroma \u010dlani Fotokluba Maribor, ki jim uporabo ateljeja dovoli upravni odbor Fotokluba Maribor, <span lang=\"SL\">kot protivrednost za opravljeno delo v okviru kluba. U<\/span>dele\u017eenci predavanj in delavnic Fotokluba Maribor, ki potekajo v ateljeju ter obiskovalci klubskih ve\u010derov<span lang=\"SL\">.<\/span> <span lang=\"SL\">Samo <\/span>\u010dlani Fotokluba Maribor v \u010dasu klubskih sestankov in skup\u0161\u010dine ter gostujo\u010di umetniki. Slednjim vstop v atelje in uporabo prostorov odobri predsednik Fotokluba Maribor.<\/p><p>Ve\u010d podrobnosti o uporabi ateljeja, kdo, kako, kdaj, kje\u2026 je navedenih v\u00a0<a href=\"http:\/\/www.fotoklub-maribor.si\/klub\/wp-content\/uploads\/sites\/2\/2021\/01\/Hisni-red-ateljeja.pdf\" target=\"_blank\" rel=\"noopener\">hi\u0161nem redu<\/a>.\u00a0<\/p><p><strong>Pozor, hi\u0161ni red je bil <\/strong><strong><span lang=\"SL\">20<\/span><\/strong><strong>. <\/strong><strong><span lang=\"SL\">oktobra<\/span><\/strong><strong> 20<\/strong><strong><span lang=\"SL\">20<\/span><\/strong><strong> dopolnjen. <s><\/s><\/strong><\/p><p><span lang=\"SL\">Atelje <\/span>Fotokluba Maribor se nahaja v Splavarskem prehodu 3, drugo nadstropje.<\/p><h3>Rezervacije terminov<\/h3><p>Rezervacije ateljeja sprejema vodja ateljeja izklju\u010dno preko spletnega obrazca na internetni strani kluba\u00a0http:\/\/www.fotoklub-maribor.si\/klub\/studio\/<span class=\"apple-converted-space\">\u00a0<\/span>. Vodja ateljeja po potrjeni rezervaciji vpi\u0161e termin v koledar, ki je viden na dnu strani. <s><\/s><\/p><p><strong><span lang=\"SL\">Atelje <\/span><\/strong><strong>je<\/strong><span class=\"apple-converted-space\"><b>\u00a0<\/b><\/span><strong>potrebno<\/strong><span class=\"apple-converted-space\"><b>\u00a0<\/b><\/span><strong>rezervirati nekaj dni vnaprej<\/strong><strong><span lang=\"SL\">.<\/span><\/strong><s><\/s><\/p><h3>Klju\u010di ateljeja<\/h3><p>Klju\u010di se prevzamejo\u00a0 v Galeriji Stolp<span lang=\"SL\"> v \u010dasu uradnih ur. <\/span>\u00a0Za kakr\u0161ne koli druge mo\u017enosti se je potrebno predhodno dogovoriti<span lang=\"SL\"> z vodjem ateljeja<\/span>, najbolje pri rezervaciji termina.<\/p><p>Predajo klju\u010dev vr\u0161i <span lang=\"SL\">de\u017eurni v Galeriji Stolp in sicer samo osebi, katera je predhodno vpisana v koledar rezervacije\u00a0 . <\/span><s><\/s><\/p><p><span lang=\"SL\">Po uporabi ateljeja, se klju\u010de pusti v po\u0161tnem nabiralniku na naslovu studija \u2013 Splavarski prehod 3.<\/span><\/p><\/div>\n\t\t\t\t<\/div>\n\t\t\t\t<\/div>\n\t\t\t\t\t\t<\/div>\n\t\t\t\t\t<\/div>\n\t\t<\/div>\n\t\t\t\t\t\t\t\t<\/div>\n\t\t\t\t\t<\/div>\n\t\t<\/section>\n\t\t\t\t<section class=\"elementor-section elementor-top-section elementor-element elementor-element-4a73a26 elementor-section-boxed elementor-section-height-default elementor-section-height-default\" data-id=\"4a73a26\" data-element_type=\"section\">\n\t\t\t\t\t\t<div class=\"elementor-container elementor-column-gap-default\">\n\t\t\t\t\t\t\t<div class=\"elementor-row\">\n\t\t\t\t\t<div class=\"elementor-column elementor-col-100 elementor-top-column elementor-element elementor-element-c762d16\" data-id=\"c762d16\" data-element_type=\"column\">\n\t\t\t<div class=\"elementor-column-wrap elementor-element-populated\">\n\t\t\t\t\t\t\t<div class=\"elementor-widget-wrap\">\n\t\t\t\t\t\t<div class=\"elementor-element elementor-element-547f058 raven-form-button-icon-left elementor-widget elementor-widget-raven-form\" data-id=\"547f058\" data-element_type=\"widget\" data-settings=\"{&quot;fields&quot;:[{&quot;label&quot;:&quot;Ime&quot;,&quot;_id&quot;:&quot;405d5d9&quot;,&quot;acceptance_text&quot;:null,&quot;rows&quot;:null,&quot;required&quot;:&quot;true&quot;,&quot;field_custom_id&quot;:&quot;405d5d9&quot;,&quot;type&quot;:&quot;text&quot;,&quot;placeholder&quot;:&quot;&quot;,&quot;recaptcha_badge&quot;:null,&quot;recaptcha_theme&quot;:null,&quot;recaptcha_size&quot;:null,&quot;checked_by_default&quot;:null,&quot;min_time&quot;:null,&quot;max_time&quot;:null,&quot;min_date&quot;:null,&quot;max_date&quot;:null,&quot;localization&quot;:null,&quot;min&quot;:null,&quot;max&quot;:null,&quot;field_options&quot;:null,&quot;inline_list&quot;:null,&quot;native_html5&quot;:null,&quot;multiple_selection&quot;:null,&quot;width&quot;:&quot;100&quot;,&quot;width_tablet&quot;:&quot;&quot;,&quot;width_mobile&quot;:&quot;&quot;},{&quot;label&quot;:&quot;E-po\\u0161ta&quot;,&quot;type&quot;:&quot;email&quot;,&quot;required&quot;:&quot;true&quot;,&quot;_id&quot;:&quot;a661827&quot;,&quot;acceptance_text&quot;:null,&quot;rows&quot;:null,&quot;field_custom_id&quot;:&quot;a661827&quot;,&quot;placeholder&quot;:&quot;&quot;,&quot;recaptcha_badge&quot;:null,&quot;recaptcha_theme&quot;:null,&quot;recaptcha_size&quot;:null,&quot;checked_by_default&quot;:null,&quot;min_time&quot;:null,&quot;max_time&quot;:null,&quot;min_date&quot;:null,&quot;max_date&quot;:null,&quot;localization&quot;:null,&quot;min&quot;:null,&quot;max&quot;:null,&quot;field_options&quot;:null,&quot;inline_list&quot;:null,&quot;native_html5&quot;:null,&quot;multiple_selection&quot;:null,&quot;width&quot;:&quot;100&quot;,&quot;width_tablet&quot;:&quot;&quot;,&quot;width_mobile&quot;:&quot;&quot;},{&quot;_id&quot;:&quot;c07d945&quot;,&quot;type&quot;:&quot;date&quot;,&quot;label&quot;:&quot;Datum&quot;,&quot;acceptance_text&quot;:null,&quot;min_date&quot;:&quot;2019-12-01&quot;,&quot;native_html5&quot;:&quot;true&quot;,&quot;rows&quot;:null,&quot;required&quot;:&quot;true&quot;,&quot;field_custom_id&quot;:&quot;c07d945&quot;,&quot;placeholder&quot;:&quot;&quot;,&quot;recaptcha_badge&quot;:null,&quot;recaptcha_theme&quot;:null,&quot;recaptcha_size&quot;:null,&quot;checked_by_default&quot;:null,&quot;min_time&quot;:null,&quot;max_time&quot;:null,&quot;max_date&quot;:&quot;&quot;,&quot;localization&quot;:&quot;&quot;,&quot;min&quot;:null,&quot;max&quot;:null,&quot;field_options&quot;:null,&quot;inline_list&quot;:null,&quot;multiple_selection&quot;:null,&quot;width&quot;:&quot;100&quot;,&quot;width_tablet&quot;:&quot;&quot;,&quot;width_mobile&quot;:&quot;&quot;},{&quot;_id&quot;:&quot;30eeb78&quot;,&quot;type&quot;:&quot;time&quot;,&quot;label&quot;:&quot;Od&quot;,&quot;acceptance_text&quot;:null,&quot;rows&quot;:null,&quot;required&quot;:&quot;true&quot;,&quot;width&quot;:&quot;50&quot;,&quot;field_custom_id&quot;:&quot;30eeb78&quot;,&quot;placeholder&quot;:&quot;&quot;,&quot;recaptcha_badge&quot;:null,&quot;recaptcha_theme&quot;:null,&quot;recaptcha_size&quot;:null,&quot;checked_by_default&quot;:null,&quot;min_time&quot;:&quot;&quot;,&quot;max_time&quot;:&quot;&quot;,&quot;min_date&quot;:null,&quot;max_date&quot;:null,&quot;localization&quot;:null,&quot;min&quot;:null,&quot;max&quot;:null,&quot;field_options&quot;:null,&quot;inline_list&quot;:null,&quot;native_html5&quot;:&quot;&quot;,&quot;multiple_selection&quot;:null,&quot;width_tablet&quot;:&quot;&quot;,&quot;width_mobile&quot;:&quot;&quot;},{&quot;type&quot;:&quot;time&quot;,&quot;label&quot;:&quot;Do&quot;,&quot;acceptance_text&quot;:null,&quot;rows&quot;:null,&quot;required&quot;:&quot;true&quot;,&quot;width&quot;:&quot;50&quot;,&quot;_id&quot;:&quot;6aed081&quot;,&quot;field_custom_id&quot;:&quot;6aed081&quot;,&quot;placeholder&quot;:&quot;&quot;,&quot;recaptcha_badge&quot;:null,&quot;recaptcha_theme&quot;:null,&quot;recaptcha_size&quot;:null,&quot;checked_by_default&quot;:null,&quot;min_time&quot;:&quot;&quot;,&quot;max_time&quot;:&quot;&quot;,&quot;min_date&quot;:null,&quot;max_date&quot;:null,&quot;localization&quot;:null,&quot;min&quot;:null,&quot;max&quot;:null,&quot;field_options&quot;:null,&quot;inline_list&quot;:null,&quot;native_html5&quot;:&quot;&quot;,&quot;multiple_selection&quot;:null,&quot;width_tablet&quot;:&quot;&quot;,&quot;width_mobile&quot;:&quot;&quot;},{&quot;label&quot;:&quot;Sporo\\u010dilo&quot;,&quot;type&quot;:&quot;textarea&quot;,&quot;_id&quot;:&quot;3520ae9&quot;,&quot;acceptance_text&quot;:null,&quot;rows&quot;:&quot;5&quot;,&quot;field_custom_id&quot;:&quot;3520ae9&quot;,&quot;placeholder&quot;:&quot;&quot;,&quot;recaptcha_badge&quot;:null,&quot;recaptcha_theme&quot;:null,&quot;recaptcha_size&quot;:null,&quot;checked_by_default&quot;:null,&quot;min_time&quot;:null,&quot;max_time&quot;:null,&quot;min_date&quot;:null,&quot;max_date&quot;:null,&quot;localization&quot;:null,&quot;min&quot;:null,&quot;max&quot;:null,&quot;field_options&quot;:null,&quot;inline_list&quot;:null,&quot;native_html5&quot;:null,&quot;multiple_selection&quot;:null,&quot;required&quot;:&quot;&quot;,&quot;width&quot;:&quot;100&quot;,&quot;width_tablet&quot;:&quot;&quot;,&quot;width_mobile&quot;:&quot;&quot;}]}\" data-widget_type=\"raven-form.default\">\n\t\t\t\t<div class=\"elementor-widget-container\">\n\t\t\t\t\t<form class=\"raven-form raven-flex raven-flex-wrap raven-flex-bottom raven-hide-required-mark\" method=\"post\" name=\"Studio\">\n\t\t\t<input type=\"hidden\" name=\"post_id\" value=\"13\" \/>\n\t\t\t<input type=\"hidden\" name=\"form_id\" value=\"547f058\" \/>\n\t\t\t\t\t<div id=\"raven-field-group-405d5d9\" class=\"raven-flex-wrap raven-field-type-text raven-field-group elementor-column elementor-col-100 raven-field-required\">\n\t\t\t\t\t<label\n\t\t\tfor=\"form-field-405d5d9\"\n\t\t\tclass=\"raven-field-label\">\n\t\t\tIme\t\t\t<\/label>\n\t\t\t\t<input\n\t\t\toninput=\"onInvalidRavenFormField(event)\"\n\t\t\toninvalid=\"onInvalidRavenFormField(event)\"\n\t\t\ttype=\"text\" name=\"fields[405d5d9]\" id=\"form-field-405d5d9\" class=\"raven-field\" placeholder=\"\" data-type=\"text\" required=\"required\">\n\t\t\t\t<\/div>\n\t\t\t\t<div id=\"raven-field-group-a661827\" class=\"raven-flex-wrap raven-field-type-email raven-field-group elementor-column elementor-col-100 raven-field-required\">\n\t\t\t\t\t<label\n\t\t\tfor=\"form-field-a661827\"\n\t\t\tclass=\"raven-field-label\">\n\t\t\tE-po\u0161ta\t\t\t<\/label>\n\t\t\t\t<input\n\t\t\toninput=\"onInvalidRavenFormField(event)\"\n\t\t\toninvalid=\"onInvalidRavenFormField(event)\"\n\t\t\ttype=\"email\" name=\"fields[a661827]\" id=\"form-field-a661827\" class=\"raven-field\" placeholder=\"\" data-type=\"email\" required=\"required\">\n\t\t\t\t<\/div>\n\t\t\t\t<div id=\"raven-field-group-c07d945\" class=\"raven-flex-wrap raven-field-type-date raven-field-group elementor-column elementor-col-100 raven-field-required\">\n\t\t\t\t\t<label\n\t\t\tfor=\"form-field-c07d945\"\n\t\t\tclass=\"raven-field-label\">\n\t\t\tDatum\t\t\t<\/label>\n\t\t\t\t<input\n\t\t\toninput=\"onInvalidRavenFormField(event)\"\n\t\t\toninvalid=\"onInvalidRavenFormField(event)\"\n\t\t\ttype=\"date\" name=\"fields[c07d945]\" id=\"form-field-c07d945\" class=\"raven-field flatpickr\" placeholder=\"\" data-type=\"date\" required=\"required\"\t\t\tmin=\"2019-12-01\"\t\t\t\t\t\tmax=\"\">\n\t\t\t\t<\/div>\n\t\t\t\t<div id=\"raven-field-group-30eeb78\" class=\"raven-flex-wrap raven-field-type-text raven-field-group elementor-column elementor-col-50 raven-field-required\">\n\t\t\t\t\t<label\n\t\t\tfor=\"form-field-30eeb78\"\n\t\t\tclass=\"raven-field-label\">\n\t\t\tOd\t\t\t<\/label>\n\t\t\t\t<input\n\t\t\toninput=\"onInvalidRavenFormField(event)\"\n\t\t\toninvalid=\"onInvalidRavenFormField(event)\"\n\t\t\ttype=\"text\" name=\"fields[30eeb78]\" id=\"form-field-30eeb78\" class=\"raven-field flatpickr\" placeholder=\"\" data-type=\"time\" required=\"required\"\t\t\tdata-enable-time=\"true\"\n\t\t\tdata-no-calendar=\"true\"\n\t\t\tdata-time_24hr=\"true\"\n\t\t\tdata-min-date=\"\"\t\t\tdata-max-date=\"\">\n\t\t\t\t<\/div>\n\t\t\t\t<div id=\"raven-field-group-6aed081\" class=\"raven-flex-wrap raven-field-type-text raven-field-group elementor-column elementor-col-50 raven-field-required\">\n\t\t\t\t\t<label\n\t\t\tfor=\"form-field-6aed081\"\n\t\t\tclass=\"raven-field-label\">\n\t\t\tDo\t\t\t<\/label>\n\t\t\t\t<input\n\t\t\toninput=\"onInvalidRavenFormField(event)\"\n\t\t\toninvalid=\"onInvalidRavenFormField(event)\"\n\t\t\ttype=\"text\" name=\"fields[6aed081]\" id=\"form-field-6aed081\" class=\"raven-field flatpickr\" placeholder=\"\" data-type=\"time\" required=\"required\"\t\t\tdata-enable-time=\"true\"\n\t\t\tdata-no-calendar=\"true\"\n\t\t\tdata-time_24hr=\"true\"\n\t\t\tdata-min-date=\"\"\t\t\tdata-max-date=\"\">\n\t\t\t\t<\/div>\n\t\t\t\t<div id=\"raven-field-group-3520ae9\" class=\"raven-flex-wrap raven-field-type-textarea raven-field-group elementor-column elementor-col-100\">\n\t\t\t\t\t<label\n\t\t\tfor=\"form-field-3520ae9\"\n\t\t\tclass=\"raven-field-label\">\n\t\t\tSporo\u010dilo\t\t\t<\/label>\n\t\t\t\t<textarea\n\t\t\toninput=\"onInvalidRavenFormField(event)\"\n\t\t\toninvalid=\"onInvalidRavenFormField(event)\"\n\t\t\ttype=\"textarea\" name=\"fields[3520ae9]\" id=\"form-field-3520ae9\" class=\"raven-field\" placeholder=\"\" data-type=\"textarea\"\t\t\trows=\"5\"><\/textarea>\n\t\t\t\t<\/div>\n\t\t\t\t\t<div class=\"raven-field-group raven-field-type-submit-button elementor-column elementor-col- justify\">\n\t\t\t\t<button type=\"submit\" class=\"raven-submit-button\">\n\t\t\t\t\t<i aria-hidden=\"true\" class=\"far fa-envelope\"><\/i>\t\t\t\t\t<span>Po\u0161lji<\/span>\n\t\t\t\t<\/button>\n\t\t\t<\/div>\n\t\t<\/form>\n\n\t\t\t\t<\/div>\n\t\t\t\t<\/div>\n\t\t\t\t\t\t<\/div>\n\t\t\t\t\t<\/div>\n\t\t<\/div>\n\t\t\t\t\t\t\t\t<\/div>\n\t\t\t\t\t<\/div>\n\t\t<\/section>\n\t\t\t\t<section class=\"elementor-section elementor-top-section elementor-element elementor-element-9d2958b elementor-section-boxed elementor-section-height-default elementor-section-height-default\" data-id=\"9d2958b\" data-element_type=\"section\">\n\t\t\t\t\t\t<div class=\"elementor-container elementor-column-gap-default\">\n\t\t\t\t\t\t\t<div class=\"elementor-row\">\n\t\t\t\t\t<div class=\"elementor-column elementor-col-100 elementor-top-column elementor-element elementor-element-5600a76\" data-id=\"5600a76\" data-element_type=\"column\">\n\t\t\t<div class=\"elementor-column-wrap elementor-element-populated\">\n\t\t\t\t\t\t\t<div class=\"elementor-widget-wrap\">\n\t\t\t\t\t\t\t\t<\/div>\n\t\t\t\t\t<\/div>\n\t\t<\/div>\n\t\t\t\t\t\t\t\t<\/div>\n\t\t\t\t\t<\/div>\n\t\t<\/section>\n\t\t\t\t\t\t<\/div>\n\t\t\t\t\t\t<\/div>\n\t\t\t\t\t<\/div>\n\t\t","protected":false},"excerpt":{"rendered":"<p>KOLEDAR REZERVACIJ Atelje je namenjen umetni\u0161kemu ustvarjanju \u010dlanov Fotokluba Maribor, izvedbi predavanj in delavnic v okvirju Fotokluba Maribor, izvedbi klubskih ve\u010derov Fotokluba Maribor, izvedbi klubskih sestankov in skup\u0161\u010dine Fotokluba Maribor ter preno\u010devanju gostujo\u010dih umetnikov. Pravico do vstopa imajo uporabniki, ki so pla\u010dali \u010dlanarino za uporabo ateljeja v teko\u010dem letu in imajo poravnano \u010dlanske obveznosti do [&hellip;]<\/p>\n","protected":false},"author":1,"featured_media":0,"parent":0,"menu_order":0,"comment_status":"closed","ping_status":"closed","template":"","meta":{"footnotes":""},"class_list":["post-13","page","type-page","status-publish","hentry"],"_links":{"self":[{"href":"http:\/\/www.fotoklub-maribor.si\/klub\/wp-json\/wp\/v2\/pages\/13"}],"collection":[{"href":"http:\/\/www.fotoklub-maribor.si\/klub\/wp-json\/wp\/v2\/pages"}],"about":[{"href":"http:\/\/www.fotoklub-maribor.si\/klub\/wp-json\/wp\/v2\/types\/page"}],"author":[{"embeddable":true,"href":"http:\/\/www.fotoklub-maribor.si\/klub\/wp-json\/wp\/v2\/users\/1"}],"replies":[{"embeddable":true,"href":"http:\/\/www.fotoklub-maribor.si\/klub\/wp-json\/wp\/v2\/comments?post=13"}],"version-history":[{"count":69,"href":"http:\/\/www.fotoklub-maribor.si\/klub\/wp-json\/wp\/v2\/pages\/13\/revisions"}],"predecessor-version":[{"id":911,"href":"http:\/\/www.fotoklub-maribor.si\/klub\/wp-json\/wp\/v2\/pages\/13\/revisions\/911"}],"wp:attachment":[{"href":"http:\/\/www.fotoklub-maribor.si\/klub\/wp-json\/wp\/v2\/media?parent=13"}],"curies":[{"name":"wp","href":"https:\/\/api.w.org\/{rel}","templated":true}]}}