  {"id":10,"date":"2019-12-08T19:13:55","date_gmt":"2019-12-08T19:13:55","guid":{"rendered":"http:\/\/www.fotoklub-maribor.si\/klub\/?page_id=10"},"modified":"2024-06-23T17:35:53","modified_gmt":"2024-06-23T17:35:53","slug":"domaca-stran","status":"publish","type":"page","link":"https:\/\/www.fotoklub-maribor.si\/klub\/","title":{"rendered":"Doma\u010da stran"},"content":{"rendered":"\t\t<div data-elementor-type=\"wp-page\" data-elementor-id=\"10\" class=\"elementor elementor-10\" data-elementor-settings=\"[]\">\n\t\t\t\t\t\t<div class=\"elementor-inner\">\n\t\t\t\t\t\t\t<div class=\"elementor-section-wrap\">\n\t\t\t\t\t\t\t<section class=\"elementor-section elementor-top-section elementor-element elementor-element-2ffd00f elementor-section-boxed elementor-section-height-default elementor-section-height-default\" data-id=\"2ffd00f\" data-element_type=\"section\">\n\t\t\t\t\t\t<div class=\"elementor-container elementor-column-gap-default\">\n\t\t\t\t\t\t\t<div class=\"elementor-row\">\n\t\t\t\t\t<div class=\"elementor-column elementor-col-66 elementor-top-column elementor-element elementor-element-a546623\" data-id=\"a546623\" data-element_type=\"column\">\n\t\t\t<div class=\"elementor-column-wrap elementor-element-populated\">\n\t\t\t\t\t\t\t<div class=\"elementor-widget-wrap\">\n\t\t\t\t\t\t<div class=\"elementor-element elementor-element-3451f31 elementor-widget elementor-widget-jet-posts\" data-id=\"3451f31\" data-element_type=\"widget\" data-widget_type=\"jet-posts.default\">\n\t\t\t\t<div class=\"elementor-widget-container\">\n\t\t\t<div class=\"elementor-jet-posts jet-elements\"><div class=\"jet-carousel elementor-slick-slider\" data-slider_options=\"{&quot;slidesToShow&quot;:{&quot;desktop&quot;:1,&quot;tablet&quot;:0,&quot;mobile&quot;:0},&quot;autoplaySpeed&quot;:5000,&quot;autoplay&quot;:true,&quot;infinite&quot;:true,&quot;pauseOnHover&quot;:true,&quot;speed&quot;:500,&quot;arrows&quot;:true,&quot;dots&quot;:true,&quot;slidesToScroll&quot;:1,&quot;prevArrow&quot;:&quot;.jet-posts__prev-arrow-3451f31&quot;,&quot;nextArrow&quot;:&quot;.jet-posts__next-arrow-3451f31&quot;,&quot;rtl&quot;:false,&quot;fade&quot;:false}\" dir=\"ltr\"><div class=\"jet-posts col-row  jet-equal-cols\"><div class=\"jet-posts__prev-arrow-3451f31 jet-arrow prev-arrow\"><i aria-hidden=\"true\" class=\"fas fa-angle-left\"><\/i><\/div><div class=\"jet-posts__next-arrow-3451f31 jet-arrow next-arrow\"><i aria-hidden=\"true\" class=\"fas fa-angle-right\"><\/i><\/div><div class=\"jet-posts__item col-desk-1\">\n\t<div class=\"jet-posts__inner-box\" style=\"background-image: url('https:\/\/www.fotoklub-maribor.si\/klub\/wp-content\/uploads\/sites\/2\/2026\/01\/535108380_10163388652219802_8783526776255079924_n.jpg'); background-repeat: no-repeat; background-size: cover; background-position: center center;\"><div class=\"jet-posts__inner-content\"><h4 class=\"entry-title\"><a href=\"https:\/\/www.fotoklub-maribor.si\/klub\/2026\/01\/11\/pregledna-fotografska-razstava-fotokluba-maribor\/\">Pregledna fotografska razstava Fotokluba Maribor\u00a0<\/a><\/h4><div class=\"jet-title-fields\"><div class=\"jet-title-fields__item jet-title-fields__item-datum\"><div class=\"jet-title-fields__item-value\"><\/div><\/div><\/div><div class=\"entry-excerpt\">v Galeriji Stolp za leto 2026 Naslov razpisa:&nbsp;AVTOPORTRET Avtoportret&nbsp;je&nbsp;portret,&nbsp;ki ga ustvari umetnik sam o sebi. Gre za to, da umetnik poka\u017ee okolici, kako&hellip;<\/div><\/div><\/div>\n<\/div>\n<div class=\"jet-posts__item col-desk-1\">\n\t<div class=\"jet-posts__inner-box\" style=\"background-image: url('https:\/\/www.fotoklub-maribor.si\/klub\/wp-content\/uploads\/sites\/2\/2026\/01\/Vabilo_fasenk_markovci-2.jpg'); background-repeat: no-repeat; background-size: cover; background-position: center center;\"><div class=\"jet-posts__inner-content\"><h4 class=\"entry-title\"><a href=\"https:\/\/www.fotoklub-maribor.si\/klub\/2026\/01\/10\/ex-tempore-markovci-2026\/\">EX TEMPORE Markovci 2026<\/a><\/h4><div class=\"jet-title-fields\"><div class=\"jet-title-fields__item jet-title-fields__item-datum\"><div class=\"jet-title-fields__item-value\"><\/div><\/div><\/div><div class=\"entry-excerpt\">REZULTATI EX TEMPORE MARKOVCI 2026 Na razpis se je prijavilo 33 fotografov iz Slovenije in R Avstrije.&nbsp; Prispelo je na temo A: 107&hellip;<\/div><\/div><\/div>\n<\/div>\n<div class=\"jet-posts__item col-desk-1\">\n\t<div class=\"jet-posts__inner-box\" style=\"background-image: url('https:\/\/www.fotoklub-maribor.si\/klub\/wp-content\/uploads\/sites\/2\/2025\/12\/KLUBSKA2025-scaled.jpg'); background-repeat: no-repeat; background-size: cover; background-position: center center;\"><div class=\"jet-posts__inner-content\"><h4 class=\"entry-title\"><a href=\"https:\/\/www.fotoklub-maribor.si\/klub\/2025\/12\/10\/fotoklub-maribor\/\">\u00a0fotoklub maribor<\/a><\/h4><div class=\"jet-title-fields\"><div class=\"jet-title-fields__item jet-title-fields__item-datum\"><div class=\"jet-title-fields__item-value\"><\/div><\/div><\/div><div class=\"entry-excerpt\">fotografija pripoveduje zgodbo letna pregledna razstava 2025 Sodelujejo: AMBRO\u017d Bosiljka, ANGLEITNER Gero, BRUN\u010cKO Mihael, CIGALA Anja RUS, CIZELJ Janja, GAJ\u0160EK Du\u0161an GOBEC Leon,&hellip;<\/div><\/div><\/div>\n<\/div>\n<div class=\"jet-posts__item col-desk-1\">\n\t<div class=\"jet-posts__inner-box\" style=\"background-image: url('https:\/\/www.fotoklub-maribor.si\/klub\/wp-content\/uploads\/sites\/2\/2025\/11\/tempImagehhw90W.jpg'); background-repeat: no-repeat; background-size: cover; background-position: center center;\"><div class=\"jet-posts__inner-content\"><h4 class=\"entry-title\"><a href=\"https:\/\/www.fotoklub-maribor.si\/klub\/2025\/11\/01\/vabilo-k-sodelovanju-na-fotografsko-razstavo\/\">Vabilo k sodelovanju na fotografsko razstavo<\/a><\/h4><div class=\"jet-title-fields\"><div class=\"jet-title-fields__item jet-title-fields__item-datum\"><div class=\"jet-title-fields__item-value\"><\/div><\/div><\/div><div class=\"entry-excerpt\">\u201cFlughafen gallery &#8211; Graz\u201c Tema:&nbsp;Traveling, Flying, Moving\u017danr:&nbsp;Uli\u010dna fotografija Dragi \u010dlani Fotokluba Maribor, Imamo prilo\u017enost sodelovati na fotografski razstavi, na katero nas je povabil&hellip;<\/div><\/div><\/div>\n<\/div>\n<div class=\"jet-posts__item col-desk-1\">\n\t<div class=\"jet-posts__inner-box\" style=\"background-image: url('https:\/\/www.fotoklub-maribor.si\/klub\/wp-content\/uploads\/sites\/2\/2020\/11\/alexander_petrosyan_img_881.jpg'); background-repeat: no-repeat; background-size: cover; background-position: center center;\"><div class=\"jet-posts__inner-content\"><h4 class=\"entry-title\"><a href=\"https:\/\/www.fotoklub-maribor.si\/klub\/2025\/06\/14\/redna-letna-pregledna-razstava-clanov-fk-mb-za-2025\/\">Redna letna pregledna razstava \u010dlanov FK MB za 2025<\/a><\/h4><div class=\"jet-title-fields\"><div class=\"jet-title-fields__item jet-title-fields__item-datum\"><div class=\"jet-title-fields__item-value\"><\/div><\/div><\/div><div class=\"entry-excerpt\">FOTOGRAFIJA PRIPOVEDUJE ZGODBO Fotografija: Alexander Petrosyan Pri\u010dakuje se fotografije, katere so polne dinamike, oziroma imajo neko sporo\u010dilno vrednost. Na fotografiji se mora nekaj&hellip;<\/div><\/div><\/div>\n<\/div>\n<div class=\"jet-posts__item col-desk-1\">\n\t<div class=\"jet-posts__inner-box\" style=\"background-image: url('https:\/\/www.fotoklub-maribor.si\/klub\/wp-content\/uploads\/sites\/2\/2025\/02\/473257550_10232136456988092_1899814590779735831_n.jpg'); background-repeat: no-repeat; background-size: cover; background-position: center center;\"><div class=\"jet-posts__inner-content\"><h4 class=\"entry-title\"><a href=\"https:\/\/www.fotoklub-maribor.si\/klub\/2025\/02\/04\/fotografska-delavnica\/\">Fotografska delavnica<\/a><\/h4><div class=\"jet-title-fields\"><div class=\"jet-title-fields__item jet-title-fields__item-datum\"><div class=\"jet-title-fields__item-value\"><\/div><\/div><\/div><div class=\"entry-excerpt\">Fotoklub Maribor organizira fotografsko delavnico za \u00bbza\u010detnike\u00ab, za tiste, ki \u017eelijo v fotografiji napredovati in narediti ne samo v\u0161e\u010dno ampak tudi kak\u0161no umetni\u0161ko&hellip;<\/div><\/div><\/div>\n<\/div>\n<\/div>\n<\/div><\/div>\t\t<\/div>\n\t\t\t\t<\/div>\n\t\t\t\t<div class=\"elementor-element elementor-element-c59f591 elementor-widget elementor-widget-heading\" data-id=\"c59f591\" data-element_type=\"widget\" data-widget_type=\"heading.default\">\n\t\t\t\t<div class=\"elementor-widget-container\">\n\t\t\t<h2 class=\"elementor-heading-title elementor-size-default\">Novice<\/h2>\t\t<\/div>\n\t\t\t\t<\/div>\n\t\t\t\t<div class=\"elementor-element elementor-element-bac8a9e elementor-widget elementor-widget-raven-posts\" data-id=\"bac8a9e\" data-element_type=\"widget\" data-settings=\"{&quot;classic_show_pagination&quot;:&quot;yes&quot;,&quot;_skin&quot;:&quot;classic&quot;,&quot;classic_layout&quot;:&quot;grid&quot;,&quot;classic_columns&quot;:&quot;3&quot;,&quot;classic_columns_tablet&quot;:&quot;2&quot;,&quot;classic_columns_mobile&quot;:&quot;1&quot;,&quot;query_posts_per_page&quot;:6,&quot;classic_pagination_type&quot;:&quot;page_based&quot;,&quot;query_offset&quot;:0}\" data-widget_type=\"raven-posts.classic\">\n\t\t\t\t<div class=\"elementor-widget-container\">\n\t\t\t\t\t<div class=\"raven-posts raven-grid raven-grid-3 raven-grid-tablet-2 raven-grid-mobile-1\" data-post-id=\"10\" data-archive-query=\"\">\n\t\t\t\t<div class=\"raven-grid-item raven-post-item post-1295 post type-post status-publish format-standard has-post-thumbnail hentry category-dogodki category-novice category-uncategorized\">\n\t\t\t<div class=\"raven-post\">\n\t\t\t\t\t\t<div class=\"raven-post-image-wrap\">\n\t\t\t<a class=\"raven-post-image raven-image-fit\" href=\"https:\/\/www.fotoklub-maribor.si\/klub\/2026\/01\/11\/pregledna-fotografska-razstava-fotokluba-maribor\/\"><img loading=\"lazy\" decoding=\"async\" width=\"949\" height=\"1024\" src=\"https:\/\/www.fotoklub-maribor.si\/klub\/wp-content\/uploads\/sites\/2\/2026\/01\/535108380_10163388652219802_8783526776255079924_n-949x1024.jpg\" class=\"attachment-large size-large\" alt=\"\" srcset=\"https:\/\/www.fotoklub-maribor.si\/klub\/wp-content\/uploads\/sites\/2\/2026\/01\/535108380_10163388652219802_8783526776255079924_n-949x1024.jpg 949w, https:\/\/www.fotoklub-maribor.si\/klub\/wp-content\/uploads\/sites\/2\/2026\/01\/535108380_10163388652219802_8783526776255079924_n-278x300.jpg 278w, https:\/\/www.fotoklub-maribor.si\/klub\/wp-content\/uploads\/sites\/2\/2026\/01\/535108380_10163388652219802_8783526776255079924_n-768x829.jpg 768w, https:\/\/www.fotoklub-maribor.si\/klub\/wp-content\/uploads\/sites\/2\/2026\/01\/535108380_10163388652219802_8783526776255079924_n-1424x1536.jpg 1424w, https:\/\/www.fotoklub-maribor.si\/klub\/wp-content\/uploads\/sites\/2\/2026\/01\/535108380_10163388652219802_8783526776255079924_n.jpg 1898w\" sizes=\"(max-width: 949px) 100vw, 949px\" \/> <span class=\"raven-post-image-overlay\"><\/span><\/a>\t\t<\/div>\n\t\t\t\t\t\t<div class=\"raven-post-content\">\n\t\t\t\t\t<h3 class=\"raven-post-title\"><a class=\"raven-post-title-link\" href=\"https:\/\/www.fotoklub-maribor.si\/klub\/2026\/01\/11\/pregledna-fotografska-razstava-fotokluba-maribor\/\">Pregledna fotografska razstava Fotokluba Maribor\u00a0<\/a><\/h3>\t\t<div class=\"raven-post-excerpt\">v Galeriji Stolp za leto 2026 Naslov razpisa:&nbsp;AVTOPORTRET Avtoportret&nbsp;je&nbsp;portret,&nbsp;ki ga ustvari umetnik sam o sebi. Gre za to, da umetnik poka\u017ee okolici, kako vidi samega sebe. Skozi svoje delo, navade,<\/div>\n\t\t\t\t<div class=\"raven-post-read-more\">\n\t\t\t<a class=\"raven-post-button\" href=\"https:\/\/www.fotoklub-maribor.si\/klub\/2026\/01\/11\/pregledna-fotografska-razstava-fotokluba-maribor\/\"><span class=\"raven-post-button-text\">Read More<\/span><\/a>\n\t\t<\/div>\n\t\t\t\t\t\t<\/div>\n\t\t\t<\/div>\n\t\t<\/div>\n\t\t\t\t<div class=\"raven-grid-item raven-post-item post-1293 post type-post status-publish format-standard has-post-thumbnail hentry category-dogodki category-novice\">\n\t\t\t<div class=\"raven-post\">\n\t\t\t\t\t\t<div class=\"raven-post-image-wrap\">\n\t\t\t<a class=\"raven-post-image raven-image-fit\" href=\"https:\/\/www.fotoklub-maribor.si\/klub\/2026\/01\/10\/ex-tempore-markovci-2026\/\"><img loading=\"lazy\" decoding=\"async\" width=\"1024\" height=\"748\" src=\"https:\/\/www.fotoklub-maribor.si\/klub\/wp-content\/uploads\/sites\/2\/2026\/01\/Vabilo_fasenk_markovci-2-1024x748.jpg\" class=\"attachment-large size-large\" alt=\"\" srcset=\"https:\/\/www.fotoklub-maribor.si\/klub\/wp-content\/uploads\/sites\/2\/2026\/01\/Vabilo_fasenk_markovci-2-1024x748.jpg 1024w, https:\/\/www.fotoklub-maribor.si\/klub\/wp-content\/uploads\/sites\/2\/2026\/01\/Vabilo_fasenk_markovci-2-300x219.jpg 300w, https:\/\/www.fotoklub-maribor.si\/klub\/wp-content\/uploads\/sites\/2\/2026\/01\/Vabilo_fasenk_markovci-2-768x561.jpg 768w, https:\/\/www.fotoklub-maribor.si\/klub\/wp-content\/uploads\/sites\/2\/2026\/01\/Vabilo_fasenk_markovci-2-1536x1122.jpg 1536w, https:\/\/www.fotoklub-maribor.si\/klub\/wp-content\/uploads\/sites\/2\/2026\/01\/Vabilo_fasenk_markovci-2-2048x1496.jpg 2048w\" sizes=\"(max-width: 1024px) 100vw, 1024px\" \/> <span class=\"raven-post-image-overlay\"><\/span><\/a>\t\t<\/div>\n\t\t\t\t\t\t<div class=\"raven-post-content\">\n\t\t\t\t\t<h3 class=\"raven-post-title\"><a class=\"raven-post-title-link\" href=\"https:\/\/www.fotoklub-maribor.si\/klub\/2026\/01\/10\/ex-tempore-markovci-2026\/\">EX TEMPORE Markovci 2026<\/a><\/h3>\t\t<div class=\"raven-post-excerpt\">REZULTATI EX TEMPORE MARKOVCI 2026 Na razpis se je prijavilo 33 fotografov iz Slovenije in R Avstrije.&nbsp; Prispelo je na temo A: 107 fotografij, na temo B: 92 fotografij, na<\/div>\n\t\t\t\t<div class=\"raven-post-read-more\">\n\t\t\t<a class=\"raven-post-button\" href=\"https:\/\/www.fotoklub-maribor.si\/klub\/2026\/01\/10\/ex-tempore-markovci-2026\/\"><span class=\"raven-post-button-text\">Read More<\/span><\/a>\n\t\t<\/div>\n\t\t\t\t\t\t<\/div>\n\t\t\t<\/div>\n\t\t<\/div>\n\t\t\t\t<div class=\"raven-grid-item raven-post-item post-1282 post type-post status-publish format-standard has-post-thumbnail hentry category-dogodki category-novice category-uncategorized\">\n\t\t\t<div class=\"raven-post\">\n\t\t\t\t\t\t<div class=\"raven-post-image-wrap\">\n\t\t\t<a class=\"raven-post-image raven-image-fit\" href=\"https:\/\/www.fotoklub-maribor.si\/klub\/2025\/12\/10\/fotoklub-maribor\/\"><img loading=\"lazy\" decoding=\"async\" width=\"1024\" height=\"935\" src=\"https:\/\/www.fotoklub-maribor.si\/klub\/wp-content\/uploads\/sites\/2\/2025\/12\/KLUBSKA2025-1024x935.jpg\" class=\"attachment-large size-large\" alt=\"\" srcset=\"https:\/\/www.fotoklub-maribor.si\/klub\/wp-content\/uploads\/sites\/2\/2025\/12\/KLUBSKA2025-1024x935.jpg 1024w, https:\/\/www.fotoklub-maribor.si\/klub\/wp-content\/uploads\/sites\/2\/2025\/12\/KLUBSKA2025-300x274.jpg 300w, https:\/\/www.fotoklub-maribor.si\/klub\/wp-content\/uploads\/sites\/2\/2025\/12\/KLUBSKA2025-768x701.jpg 768w, https:\/\/www.fotoklub-maribor.si\/klub\/wp-content\/uploads\/sites\/2\/2025\/12\/KLUBSKA2025-1536x1402.jpg 1536w, https:\/\/www.fotoklub-maribor.si\/klub\/wp-content\/uploads\/sites\/2\/2025\/12\/KLUBSKA2025-2048x1870.jpg 2048w\" sizes=\"(max-width: 1024px) 100vw, 1024px\" \/> <span class=\"raven-post-image-overlay\"><\/span><\/a>\t\t<\/div>\n\t\t\t\t\t\t<div class=\"raven-post-content\">\n\t\t\t\t\t<h3 class=\"raven-post-title\"><a class=\"raven-post-title-link\" href=\"https:\/\/www.fotoklub-maribor.si\/klub\/2025\/12\/10\/fotoklub-maribor\/\">\u00a0fotoklub maribor<\/a><\/h3>\t\t<div class=\"raven-post-excerpt\">fotografija pripoveduje zgodbo letna pregledna razstava 2025 Fotoklub Maribor ustanovljen!&nbsp; \u201cMariborski foto-amaterji so se organizirali ter ustanovili svoj klub. Potreba po ustanovitvi samostojnega kluba foto-amaterjev se je opa\u017eala v Mariboru<\/div>\n\t\t\t\t<div class=\"raven-post-read-more\">\n\t\t\t<a class=\"raven-post-button\" href=\"https:\/\/www.fotoklub-maribor.si\/klub\/2025\/12\/10\/fotoklub-maribor\/\"><span class=\"raven-post-button-text\">Read More<\/span><\/a>\n\t\t<\/div>\n\t\t\t\t\t\t<\/div>\n\t\t\t<\/div>\n\t\t<\/div>\n\t\t\t\t<div class=\"raven-grid-item raven-post-item post-1278 post type-post status-publish format-standard has-post-thumbnail hentry category-dogodki category-novice\">\n\t\t\t<div class=\"raven-post\">\n\t\t\t\t\t\t<div class=\"raven-post-image-wrap\">\n\t\t\t<a class=\"raven-post-image raven-image-fit\" href=\"https:\/\/www.fotoklub-maribor.si\/klub\/2025\/11\/01\/vabilo-k-sodelovanju-na-fotografsko-razstavo\/\"><img loading=\"lazy\" decoding=\"async\" width=\"1024\" height=\"732\" src=\"https:\/\/www.fotoklub-maribor.si\/klub\/wp-content\/uploads\/sites\/2\/2025\/11\/tempImagehhw90W-1024x732.jpg\" class=\"attachment-large size-large\" alt=\"\" srcset=\"https:\/\/www.fotoklub-maribor.si\/klub\/wp-content\/uploads\/sites\/2\/2025\/11\/tempImagehhw90W-1024x732.jpg 1024w, https:\/\/www.fotoklub-maribor.si\/klub\/wp-content\/uploads\/sites\/2\/2025\/11\/tempImagehhw90W-300x214.jpg 300w, https:\/\/www.fotoklub-maribor.si\/klub\/wp-content\/uploads\/sites\/2\/2025\/11\/tempImagehhw90W-768x549.jpg 768w, https:\/\/www.fotoklub-maribor.si\/klub\/wp-content\/uploads\/sites\/2\/2025\/11\/tempImagehhw90W-1536x1097.jpg 1536w, https:\/\/www.fotoklub-maribor.si\/klub\/wp-content\/uploads\/sites\/2\/2025\/11\/tempImagehhw90W.jpg 2000w\" sizes=\"(max-width: 1024px) 100vw, 1024px\" \/> <span class=\"raven-post-image-overlay\"><\/span><\/a>\t\t<\/div>\n\t\t\t\t\t\t<div class=\"raven-post-content\">\n\t\t\t\t\t<h3 class=\"raven-post-title\"><a class=\"raven-post-title-link\" href=\"https:\/\/www.fotoklub-maribor.si\/klub\/2025\/11\/01\/vabilo-k-sodelovanju-na-fotografsko-razstavo\/\">Vabilo k sodelovanju na fotografsko razstavo<\/a><\/h3>\t\t<div class=\"raven-post-excerpt\">\u201cFlughafen gallery &#8211; Graz\u201c Tema:&nbsp;Traveling, Flying, Moving\u017danr:&nbsp;Uli\u010dna fotografija Dragi \u010dlani Fotokluba Maribor, Imamo prilo\u017enost sodelovati na fotografski razstavi, na katero nas je povabil na\u0161 kolega iz Avstrije. Tema leto\u0161njega razpisa<\/div>\n\t\t\t\t<div class=\"raven-post-read-more\">\n\t\t\t<a class=\"raven-post-button\" href=\"https:\/\/www.fotoklub-maribor.si\/klub\/2025\/11\/01\/vabilo-k-sodelovanju-na-fotografsko-razstavo\/\"><span class=\"raven-post-button-text\">Read More<\/span><\/a>\n\t\t<\/div>\n\t\t\t\t\t\t<\/div>\n\t\t\t<\/div>\n\t\t<\/div>\n\t\t\t\t<div class=\"raven-grid-item raven-post-item post-1266 post type-post status-publish format-standard has-post-thumbnail hentry category-dogodki category-novice\">\n\t\t\t<div class=\"raven-post\">\n\t\t\t\t\t\t<div class=\"raven-post-image-wrap\">\n\t\t\t<a class=\"raven-post-image raven-image-fit\" href=\"https:\/\/www.fotoklub-maribor.si\/klub\/2025\/06\/14\/redna-letna-pregledna-razstava-clanov-fk-mb-za-2025\/\"><img loading=\"lazy\" decoding=\"async\" width=\"800\" height=\"524\" src=\"https:\/\/www.fotoklub-maribor.si\/klub\/wp-content\/uploads\/sites\/2\/2020\/11\/alexander_petrosyan_img_881.jpg\" class=\"attachment-large size-large\" alt=\"\" srcset=\"https:\/\/www.fotoklub-maribor.si\/klub\/wp-content\/uploads\/sites\/2\/2020\/11\/alexander_petrosyan_img_881.jpg 800w, https:\/\/www.fotoklub-maribor.si\/klub\/wp-content\/uploads\/sites\/2\/2020\/11\/alexander_petrosyan_img_881-300x197.jpg 300w, https:\/\/www.fotoklub-maribor.si\/klub\/wp-content\/uploads\/sites\/2\/2020\/11\/alexander_petrosyan_img_881-768x503.jpg 768w\" sizes=\"(max-width: 800px) 100vw, 800px\" \/> <span class=\"raven-post-image-overlay\"><\/span><\/a>\t\t<\/div>\n\t\t\t\t\t\t<div class=\"raven-post-content\">\n\t\t\t\t\t<h3 class=\"raven-post-title\"><a class=\"raven-post-title-link\" href=\"https:\/\/www.fotoklub-maribor.si\/klub\/2025\/06\/14\/redna-letna-pregledna-razstava-clanov-fk-mb-za-2025\/\">Redna letna pregledna razstava \u010dlanov FK MB za 2025<\/a><\/h3>\t\t<div class=\"raven-post-excerpt\">FOTOGRAFIJA PRIPOVEDUJE ZGODBO Fotografija: Alexander Petrosyan Pri\u010dakuje se fotografije, katere so polne dinamike, oziroma imajo neko sporo\u010dilno vrednost. Na fotografiji se mora nekaj dogajat ali pa nakazovat na neko dinamiko.<\/div>\n\t\t\t\t<div class=\"raven-post-read-more\">\n\t\t\t<a class=\"raven-post-button\" href=\"https:\/\/www.fotoklub-maribor.si\/klub\/2025\/06\/14\/redna-letna-pregledna-razstava-clanov-fk-mb-za-2025\/\"><span class=\"raven-post-button-text\">Read More<\/span><\/a>\n\t\t<\/div>\n\t\t\t\t\t\t<\/div>\n\t\t\t<\/div>\n\t\t<\/div>\n\t\t\t\t<div class=\"raven-grid-item raven-post-item post-1244 post type-post status-publish format-standard has-post-thumbnail hentry category-dogodki category-novice\">\n\t\t\t<div class=\"raven-post\">\n\t\t\t\t\t\t<div class=\"raven-post-image-wrap\">\n\t\t\t<a class=\"raven-post-image raven-image-fit\" href=\"https:\/\/www.fotoklub-maribor.si\/klub\/2025\/01\/11\/ex-tempore-fasenk-v-markovcih\/\"><img loading=\"lazy\" decoding=\"async\" width=\"566\" height=\"302\" src=\"https:\/\/www.fotoklub-maribor.si\/klub\/wp-content\/uploads\/sites\/2\/2025\/01\/maja_modrinjak_v-mraku-scaled4.jpg\" class=\"attachment-large size-large\" alt=\"\" srcset=\"https:\/\/www.fotoklub-maribor.si\/klub\/wp-content\/uploads\/sites\/2\/2025\/01\/maja_modrinjak_v-mraku-scaled4.jpg 566w, https:\/\/www.fotoklub-maribor.si\/klub\/wp-content\/uploads\/sites\/2\/2025\/01\/maja_modrinjak_v-mraku-scaled4-300x160.jpg 300w\" sizes=\"(max-width: 566px) 100vw, 566px\" \/> <span class=\"raven-post-image-overlay\"><\/span><\/a>\t\t<\/div>\n\t\t\t\t\t\t<div class=\"raven-post-content\">\n\t\t\t\t\t<h3 class=\"raven-post-title\"><a class=\"raven-post-title-link\" href=\"https:\/\/www.fotoklub-maribor.si\/klub\/2025\/01\/11\/ex-tempore-fasenk-v-markovcih\/\">EX TEMPORE &#8211; FA\u0160ENK V MARKOVCIH<\/a><\/h3>\t\t<div class=\"raven-post-excerpt\">1. ORGANIZATOR Ob\u010dina Markovci&nbsp;\u2013&nbsp;&nbsp;\u017eupan Milan Gabrovec;&nbsp;Fotoklub Maribor&nbsp;\u2013 Miha Kacafura 2. INFORMACIJE gsm: 051 336 991 \u2013 Branimir Ritonja gsm: 031 689 116 \u2013 Miha Kacafura 3. ORGANIZACIJSKI ODBOR Miha Kacafura,&nbsp;Branimir<\/div>\n\t\t\t\t<div class=\"raven-post-read-more\">\n\t\t\t<a class=\"raven-post-button\" href=\"https:\/\/www.fotoklub-maribor.si\/klub\/2025\/01\/11\/ex-tempore-fasenk-v-markovcih\/\"><span class=\"raven-post-button-text\">Read More<\/span><\/a>\n\t\t<\/div>\n\t\t\t\t\t\t<\/div>\n\t\t\t<\/div>\n\t\t<\/div>\n\t\t\t\t<\/div>\n\t\t\t\t<div class=\"raven-pagination\" data-settings=\"{&quot;posts_per_page&quot;:6,&quot;total_pages&quot;:17,&quot;pages_visible&quot;:7}\">\n\t\t\t<div class=\"raven-pagination-items\">\n\t\t\t\t<a class=\"raven-pagination-prev raven-pagination-item raven-pagination-disabled\" href=\"#\">&laquo; Prev<\/a><a class=\"raven-pagination-num raven-pagination-item raven-pagination-active\" href=\"#\" data-page-num=\"1\">1<\/a><a class=\"raven-pagination-num raven-pagination-item\" href=\"#\" data-page-num=\"2\">2<\/a><a class=\"raven-pagination-num raven-pagination-item\" href=\"#\" data-page-num=\"3\">3<\/a><a class=\"raven-pagination-num raven-pagination-item\" href=\"#\" data-page-num=\"4\">4<\/a><a class=\"raven-pagination-num raven-pagination-item\" href=\"#\" data-page-num=\"5\">5<\/a><a class=\"raven-pagination-num raven-pagination-item\" href=\"#\" data-page-num=\"6\">6<\/a><a class=\"raven-pagination-num raven-pagination-item\" href=\"#\" data-page-num=\"7\">7<\/a><a class=\"raven-pagination-next raven-pagination-item\" href=\"#\">Next &raquo;<\/a>\t\t\t<\/div>\n\t\t<\/div>\n\t\t\t\t<\/div>\n\t\t\t\t<\/div>\n\t\t\t\t\t\t<\/div>\n\t\t\t\t\t<\/div>\n\t\t<\/div>\n\t\t\t\t<div class=\"elementor-column elementor-col-33 elementor-top-column elementor-element elementor-element-46a82ed\" data-id=\"46a82ed\" data-element_type=\"column\">\n\t\t\t<div class=\"elementor-column-wrap elementor-element-populated\">\n\t\t\t\t\t\t\t<div class=\"elementor-widget-wrap\">\n\t\t\t\t\t\t<div class=\"elementor-element elementor-element-184e09f elementor-widget elementor-widget-sidebar\" data-id=\"184e09f\" data-element_type=\"widget\" data-widget_type=\"sidebar.default\">\n\t\t\t\t<div class=\"elementor-widget-container\">\n\t\t\t<div id=\"block-9\" class=\"jupiterx-widget widget_block block-9 widget_block\"><div class=\"jupiterx-widget-content\">\n<h3 class=\"wp-block-heading\">Kontakt<\/h3>\n<\/div><\/div><div id=\"block-8\" class=\"jupiterx-widget widget_block block-8 widget_block\"><div class=\"jupiterx-widget-content\">\n<p><strong>Uradne ure vsak torek med 17 in 18 uro<\/strong><br>\u017didovska ulica 6, p.p. 1512<br>SI-2001 Maribor<\/p>\n<\/div><\/div><div id=\"block-4\" class=\"jupiterx-widget widget_block block-4 widget_block\"><div class=\"jupiterx-widget-content\">\n<p><a href=\"mailto:info@fotoklub-maribor.si\">info@fotoklub-maribor.si<\/a><\/p>\n<\/div><\/div>\t\t<\/div>\n\t\t\t\t<\/div>\n\t\t\t\t<div class=\"elementor-element elementor-element-c619dd0 elementor-widget elementor-widget-text-editor\" data-id=\"c619dd0\" data-element_type=\"widget\" data-widget_type=\"text-editor.default\">\n\t\t\t\t<div class=\"elementor-widget-container\">\n\t\t\t\t\t<div class=\"elementor-text-editor elementor-clearfix\"><\/div>\n\t\t\t\t<\/div>\n\t\t\t\t<\/div>\n\t\t\t\t\t\t<\/div>\n\t\t\t\t\t<\/div>\n\t\t<\/div>\n\t\t\t\t\t\t\t\t<\/div>\n\t\t\t\t\t<\/div>\n\t\t<\/section>\n\t\t\t\t\t\t<\/div>\n\t\t\t\t\t\t<\/div>\n\t\t\t\t\t<\/div>\n\t\t","protected":false},"excerpt":{"rendered":"<p>KLUBSKI VE\u010cER s Stanetom Gortnarjem Datum: 02.03.2021 ob 18.00 Lokacija: ZOOM Jutro in ve\u010der na Jamniku Fotograf Stane Gortnar doma iz \u017deleznikov, sicer pa \u010dlan FK Tr\u017ei\u010d, kandidat\u2026 LETO 2020 Spo\u0161tovani \u010dlani fotokluba maribor,&nbsp;Vabim vas k sodelovanju na razstavi z naslovom LETO 2020. Vsak lahko po\u0161lje kolekcijo od 6 do 12 fotografij, ki\u2026 Novice KLUBSKI [&hellip;]<\/p>\n","protected":false},"author":1,"featured_media":0,"parent":0,"menu_order":0,"comment_status":"closed","ping_status":"closed","template":"","meta":{"footnotes":""},"class_list":["post-10","page","type-page","status-publish","hentry"],"_links":{"self":[{"href":"https:\/\/www.fotoklub-maribor.si\/klub\/wp-json\/wp\/v2\/pages\/10"}],"collection":[{"href":"https:\/\/www.fotoklub-maribor.si\/klub\/wp-json\/wp\/v2\/pages"}],"about":[{"href":"https:\/\/www.fotoklub-maribor.si\/klub\/wp-json\/wp\/v2\/types\/page"}],"author":[{"embeddable":true,"href":"https:\/\/www.fotoklub-maribor.si\/klub\/wp-json\/wp\/v2\/users\/1"}],"replies":[{"embeddable":true,"href":"https:\/\/www.fotoklub-maribor.si\/klub\/wp-json\/wp\/v2\/comments?post=10"}],"version-history":[{"count":33,"href":"https:\/\/www.fotoklub-maribor.si\/klub\/wp-json\/wp\/v2\/pages\/10\/revisions"}],"predecessor-version":[{"id":1214,"href":"https:\/\/www.fotoklub-maribor.si\/klub\/wp-json\/wp\/v2\/pages\/10\/revisions\/1214"}],"wp:attachment":[{"href":"https:\/\/www.fotoklub-maribor.si\/klub\/wp-json\/wp\/v2\/media?parent=10"}],"curies":[{"name":"wp","href":"https:\/\/api.w.org\/{rel}","templated":true}]}}