  {"id":12,"date":"2019-12-08T19:13:55","date_gmt":"2019-12-08T19:13:55","guid":{"rendered":"http:\/\/www.fotoklub-maribor.si\/klub\/?page_id=12"},"modified":"2026-02-13T16:23:15","modified_gmt":"2026-02-13T16:23:15","slug":"o-nas","status":"publish","type":"page","link":"https:\/\/www.fotoklub-maribor.si\/klub\/o-nas\/","title":{"rendered":"O nas"},"content":{"rendered":"<h2>PRETEKLOST:<\/h2>\n<p>Marca 1936 je bil ustanovni ob\u010dni zbor Fotokluba Maribor. Njegov prvi predsednik je bil dr. Jo\u017ee Gori\u010dar, prvi tajnik Viktor Pohar in prvi blagajnik Janko Dekleva. Po odhodu dr. Gori\u010darja iz Maribora je vodstvo kluba prevzel Marjan Pfeifer st. nato inz. arh. Viktor Vi\u0161i\u010d in tik pred drugo svetovno vojno dr. Valentin Ku\u0161ar. Med \u010dlani sre\u010dujemo imena kot so: Marjan Pfeifer st. Vlado Cizej, Janko Dekleva, Viktor Vi\u010di\u010d, Franjo Pivka, Vlado Bertoncelj, Milan Ralca, Franc Weissensteiner, Vlado Simon\u010di\u010d in druga.<\/p>\n<p>Med okupacijo je klub preneha delovati. Dru\u0161tvena lastna je bila zaplenjena in arhiv uni\u010den.<\/p>\n<p>Po drugi svetovni vonji je bil 20. Decembra 1945 obnovitveni ob\u010dni zbor. Predsednik je postal Fran Hlupi\u010d, ki je to funkcijo opravljal do 1960. Od tedaj pa do danes so klub vodili: Sinon Tihec, Franjo Vr\u0161i\u010d, Zmago Jeraj, Dragi\u0161a Modrinjak, Bogo \u010cerin, Branko Koni\u010dek, Fravc Vogelnik, Branimir Ritonja in Miha Kacafura.<\/p>\n<h2>DANES:<\/h2>\n<p>Fotoklub Maribor zdru\u017euje vse, ki so si za medij izra\u017eanja izbrali fotografijo, \u017ee od leta 1936. Je edini, ki v slovenskem prostoru deluje neprekinjeno. \u010clani kluba s svojim znanjem in ustvarjalnostjo vseskozi bogatimo kulturno identiteto na\u0161ega okolja. V Fotogaleriji STOLP (najstarej\u0161a Slovenska galerija \u00a0za fotografijo v Sloveniji), vsako leto v povpre\u010dju pripravimo do 12 razstav, v drugih razstavi\u0161\u010dih pa \u0161e vsaj enkrat toliko. V Ateljeju za umetni\u0161ko fotografijo se vsako leto zvrsti ve\u010d te\u010dajev, delavnic, seminarjev, okroglih miz in avtorskih predstavitev, projekcij. Sodobno opremljen fotografski atelje uporabljamo \u010dlani kluba za svoje ustvarjanje. Namenjen pa je tudi reziden\u010dnim udele\u017ebam. V kletnih prostorih Fotogalerije STOLP, kjer je uradni sede\u017e kluba, je urejen fotografski laboratorijih oz. foto temnica v kateri je mogo\u010de razvijati in pove\u010devati \u010drno bele fotografije po klasi\u010dnem postopku. \u00a0\u00a0Sodelujemo z razli\u010dnimi institucijami, galerijami, dru\u0161tvi, zavodi in v sodelovanju \u00a0na razli\u010dnih prireditvah vodimo delavnice, fotografske \u0161ole, nate\u010daje, razstave, so mentorji na \u0161olah. Fotografska dela \u010dlanov so prakti\u010dno v vseh stalnih galerijskih zbirkah po Sloveniji in tudi v tujini. \u010clani so za svoja umetni\u0161ka ustvarjanja prejeli \u0161tevilne nagrade in priznanja. Najdemo jih tudi med Pre\u0161ernovimi in Glazerjevimi nagrajenci.<\/p>\n<h3><strong>Delovanje kluba je usmerjeno na \u00a0osnovna podro\u010dja:<\/strong><\/h3>\n<ul>\n<li>klubska dejavnost, razgovori o fotografiji, spodbujanje avtorske fotografije \u010dlanov kluba, pomo\u010d pri pripravi\u00a0samostojnih projektov v razli\u010dnih galerijah in razstavi\u0161\u010dih, foto delavnice, EX Tempori, izleti, ter\u00a0sodelovanje na fotografskih nate\u010dajih;<\/li>\n<li>delovanje oziroma upravljanje in vodenje Fotogalerije Stolp, ki predstavlja najvidnej\u0161i aspekt delovanja kluba;<\/li>\n<li>Festival fotografije Maribor, od 2016.<\/li>\n<li>aktivnosti v\u00a0Ateljeju za umetni\u0161ko fotografijo, kjer se prirejajo\u00a0seminarji, delavnice, te\u010daji, klubski ve\u010deri, projekcije ter\u00a0gostovanja tujih ustvarjalcev. Sodobno opremljen atelje je namenjen tudi \u010dlanom, da v njem ustvarjajo.<\/li>\n<\/ul>\n<p><strong>Postani \u010dlan!<\/strong> Za v\u010dlanitev v klub pi\u0161i predsedniku kluba g. Brane P. Kos le majl: brane.p.kos@gmail.com \u00a0 \u00a0<\/p>\n<p>Prijave poslane na druge maile ne bodo upo\u0161tevane!<\/p>\n<p>Organi kluba:<\/p>\n<h4>Upravni odbor:<\/h4>\n<div dir=\"auto\">Brane P. Kos- predsednik FK Maribor<\/div>\n<div dir=\"auto\">\u00a0<\/div>\n<div dir=\"auto\">Mihael Brun\u010dko &#8211; podpredsednik<\/div>\n<div dir=\"auto\">Mihael Kacafura &#8211; podpredsednik<\/div>\n<div dir=\"auto\">Maja Modrinjak &#8211; \u010dlan<\/div>\n<div dir=\"auto\">Matej Predikaka &#8211; \u010dlan<\/div>\n<div dir=\"auto\">Jo\u017ee Marini\u010d &#8211; \u010dlan<\/div>\n<div dir=\"auto\">Igor Koren \u010clan<\/div>\n<p><strong>Umetni\u0161ki svet:<\/strong> \u00a0Rudi Uran (predsednik), Branimir Ritonja in Maja Modrinjak.<\/p>\n<h4>\u00a0<\/h4>\n<h4>Veljavni akti:<\/h4>\n<div>\n<p><a href=\"http:\/\/www.fotoklub-maribor.si\/klub\/wp-content\/uploads\/sites\/2\/2021\/02\/statut-2020.pdf\">Statut fotokluba Maribor<\/a><\/p>\n<p><a href=\"http:\/\/www.fotoklub-maribor.si\/klub\/wp-content\/uploads\/sites\/2\/2019\/12\/status-v-javnem-interesu-2019.pdf\">status v javnem interesu 2019<\/a><\/p>\n<p><a href=\"http:\/\/www.fotoklub-maribor.si\/klub\/wp-content\/uploads\/sites\/2\/2026\/02\/PRISTOPNA-IZJAVA-2026.pdf\">PRISTOPNJA IZJAVA pdf<\/a><\/p>\n<\/div>\n\n\n<p><a rel=\"noreferrer noopener\" href=\"http:\/\/www.fotoklub-maribor.si\/klub\/wp-content\/uploads\/sites\/2\/2021\/01\/Hisni-red-ateljeja.pdf\" target=\"_blank\">Hi\u0161ni red Ateljeja<\/a><\/p>\n\n\n\n<p><a rel=\"noreferrer noopener\" href=\"http:\/\/www.fotoklub-maribor.si\/klub\/wp-content\/uploads\/sites\/2\/2021\/01\/Disciplinski-pravilnik_drustvo-Fotoklub-Maribor_18.6.pdf\" target=\"_blank\">Pra<\/a><a href=\"http:\/\/www.fotoklub-maribor.si\/klub\/wp-content\/uploads\/sites\/2\/2021\/02\/disciplinski-pravilnik.pdf\" target=\"_blank\" rel=\"noreferrer noopener\">vilnik o disciplinski odgovornosti<\/a><\/p>\n\n\n\n<p><\/p>\n","protected":false},"excerpt":{"rendered":"<p>PRETEKLOST: Marca 1936 je bil ustanovni ob\u010dni zbor Fotokluba Maribor. Njegov prvi predsednik je bil dr. Jo\u017ee Gori\u010dar, prvi tajnik Viktor Pohar in prvi blagajnik Janko Dekleva. Po odhodu dr. Gori\u010darja iz Maribora je vodstvo kluba prevzel Marjan Pfeifer st. nato inz. arh. Viktor Vi\u0161i\u010d in tik pred drugo svetovno vojno dr. Valentin Ku\u0161ar. Med [&hellip;]<\/p>\n","protected":false},"author":1,"featured_media":0,"parent":0,"menu_order":0,"comment_status":"closed","ping_status":"closed","template":"","meta":{"footnotes":""},"class_list":["post-12","page","type-page","status-publish","hentry"],"_links":{"self":[{"href":"https:\/\/www.fotoklub-maribor.si\/klub\/wp-json\/wp\/v2\/pages\/12"}],"collection":[{"href":"https:\/\/www.fotoklub-maribor.si\/klub\/wp-json\/wp\/v2\/pages"}],"about":[{"href":"https:\/\/www.fotoklub-maribor.si\/klub\/wp-json\/wp\/v2\/types\/page"}],"author":[{"embeddable":true,"href":"https:\/\/www.fotoklub-maribor.si\/klub\/wp-json\/wp\/v2\/users\/1"}],"replies":[{"embeddable":true,"href":"https:\/\/www.fotoklub-maribor.si\/klub\/wp-json\/wp\/v2\/comments?post=12"}],"version-history":[{"count":37,"href":"https:\/\/www.fotoklub-maribor.si\/klub\/wp-json\/wp\/v2\/pages\/12\/revisions"}],"predecessor-version":[{"id":1320,"href":"https:\/\/www.fotoklub-maribor.si\/klub\/wp-json\/wp\/v2\/pages\/12\/revisions\/1320"}],"wp:attachment":[{"href":"https:\/\/www.fotoklub-maribor.si\/klub\/wp-json\/wp\/v2\/media?parent=12"}],"curies":[{"name":"wp","href":"https:\/\/api.w.org\/{rel}","templated":true}]}}