  {"id":320,"date":"2020-02-02T15:28:34","date_gmt":"2020-02-02T15:28:34","guid":{"rendered":"http:\/\/www.fotoklub-maribor.si\/klub\/?page_id=320"},"modified":"2023-12-08T16:16:16","modified_gmt":"2023-12-08T16:16:16","slug":"donacija-iz-naslova-dohodnine","status":"publish","type":"page","link":"https:\/\/www.fotoklub-maribor.si\/klub\/donacija-iz-naslova-dohodnine\/","title":{"rendered":"Donacija iz naslova dohodnine"},"content":{"rendered":"\t\t<div data-elementor-type=\"wp-page\" data-elementor-id=\"320\" class=\"elementor elementor-320\" data-elementor-settings=\"[]\">\n\t\t\t\t\t\t<div class=\"elementor-inner\">\n\t\t\t\t\t\t\t<div class=\"elementor-section-wrap\">\n\t\t\t\t\t\t\t<section class=\"elementor-section elementor-top-section elementor-element elementor-element-42fe9e24 elementor-section-boxed elementor-section-height-default elementor-section-height-default\" data-id=\"42fe9e24\" data-element_type=\"section\">\n\t\t\t\t\t\t<div class=\"elementor-container elementor-column-gap-default\">\n\t\t\t\t\t\t\t<div class=\"elementor-row\">\n\t\t\t\t\t<div class=\"elementor-column elementor-col-100 elementor-top-column elementor-element elementor-element-20eb3c55\" data-id=\"20eb3c55\" data-element_type=\"column\">\n\t\t\t<div class=\"elementor-column-wrap elementor-element-populated\">\n\t\t\t\t\t\t\t<div class=\"elementor-widget-wrap\">\n\t\t\t\t\t\t<div class=\"elementor-element elementor-element-11443a60 elementor-widget elementor-widget-text-editor\" data-id=\"11443a60\" data-element_type=\"widget\" data-widget_type=\"text-editor.default\">\n\t\t\t\t<div class=\"elementor-widget-container\">\n\t\t\t\t\t<div class=\"elementor-text-editor elementor-clearfix\"><!-- wp:html \/-->\n\n<!-- wp:file {\"id\":1152,\"href\":\"https:\\\/\\\/www.fotoklub-maribor.si\\\/klub\\\/wp-content\\\/uploads\\\/sites\\\/2\\\/2023\\\/12\\\/Dohodnina-obrazec.pdf\"} -->\n<div class=\"wp-block-file\"><a href=\"https:\/\/www.fotoklub-maribor.si\/klub\/wp-content\/uploads\/sites\/2\/2023\/12\/Dohodnina-obrazec.pdf\">Dohodnina-obrazec<\/a><a href=\"https:\/\/www.fotoklub-maribor.si\/klub\/wp-content\/uploads\/sites\/2\/2023\/12\/Dohodnina-obrazec.pdf\" class=\"wp-block-file__button\" download>Prenos<\/a><\/div>\n<!-- \/wp:file --><\/div>\n\t\t\t\t<\/div>\n\t\t\t\t<\/div>\n\t\t\t\t\t\t<\/div>\n\t\t\t\t\t<\/div>\n\t\t<\/div>\n\t\t\t\t\t\t\t\t<\/div>\n\t\t\t\t\t<\/div>\n\t\t<\/section>\n\t\t\t\t<section class=\"elementor-section elementor-top-section elementor-element elementor-element-53b3d60 elementor-section-boxed elementor-section-height-default elementor-section-height-default\" data-id=\"53b3d60\" data-element_type=\"section\">\n\t\t\t\t\t\t<div class=\"elementor-container elementor-column-gap-default\">\n\t\t\t\t\t\t\t<div class=\"elementor-row\">\n\t\t\t\t\t<div class=\"elementor-column elementor-col-100 elementor-top-column elementor-element elementor-element-c198aa1\" data-id=\"c198aa1\" data-element_type=\"column\">\n\t\t\t<div class=\"elementor-column-wrap elementor-element-populated\">\n\t\t\t\t\t\t\t<div class=\"elementor-widget-wrap\">\n\t\t\t\t\t\t<div class=\"elementor-element elementor-element-b99629c elementor-widget elementor-widget-text-editor\" data-id=\"b99629c\" data-element_type=\"widget\" data-widget_type=\"text-editor.default\">\n\t\t\t\t<div class=\"elementor-widget-container\">\n\t\t\t\t\t<div class=\"elementor-text-editor elementor-clearfix\"><p style=\"font-family: Verdana, Arial, Helvetica, sans-serif;font-size: 14px;margin-bottom: 0cm;line-height: normal;background-image: initial;background-position: initial;background-size: initial;background-attachment: initial\"><span style=\"font-size: 14pt;, serif\">Vsem, ki ste se odlo\u010dili nameniti ta &#8220;nikogar\u0161en&#8221; znesek va\u0161ega, dru\u017ebenega denarja, se vam najlep\u0161e zahvaljujemo.&nbsp;<\/span><span style=\"font-size: 14pt;, serif\">Vsi tisti, ki pa \u0161e niste tega storili, pa vas pozivamo, da to storite in na ta na\u010din malenkost pripomorete pri delovanju na\u0161ega kluba.&nbsp;<\/span><span style=\", serif;font-size: 14pt\">Seveda, lahko ta obrazec v na\u0161o korist izpolni tudi partner, sin ali h\u010der, &nbsp;kolega, ata ali mama (\u010de sta \u0161e zaposlena), teta, stric, skratka kdorkoli, saj&nbsp; vsak euro pride prav.<\/span><\/p><p style=\"font-family: Verdana, Arial, Helvetica, sans-serif;font-size: 14px;margin-bottom: 0cm;line-height: normal;background-image: initial;background-position: initial;background-size: initial;background-attachment: initial\"><span style=\", serif;font-size: 14pt\"><br><\/span><\/p><p style=\"font-family: Verdana, Arial, Helvetica, sans-serif;font-size: 14px;margin-bottom: 0cm;line-height: normal;background-image: initial;background-position: initial;background-size: initial;background-attachment: initial\"><span style=\"font-size: 14pt;, serif\">Za va\u0161o aktivnost se vam najlep\u0161e zahvaljujemo.<\/span><\/p><\/div>\n\t\t\t\t<\/div>\n\t\t\t\t<\/div>\n\t\t\t\t\t\t<\/div>\n\t\t\t\t\t<\/div>\n\t\t<\/div>\n\t\t\t\t\t\t\t\t<\/div>\n\t\t\t\t\t<\/div>\n\t\t<\/section>\n\t\t\t\t\t\t<\/div>\n\t\t\t\t\t\t<\/div>\n\t\t\t\t\t<\/div>\n\t\t","protected":false},"excerpt":{"rendered":"<p>Vsem, ki ste se odlo\u010dili nameniti ta &#8220;nikogar\u0161en&#8221; znesek va\u0161ega, dru\u017ebenega denarja, se vam najlep\u0161e zahvaljujemo.&nbsp;Vsi tisti, ki pa \u0161e niste tega storili, pa vas pozivamo, da to storite in na ta na\u010din malenkost pripomorete pri delovanju na\u0161ega kluba.&nbsp;Seveda, lahko ta obrazec v na\u0161o korist izpolni tudi partner, sin ali h\u010der, &nbsp;kolega, ata ali mama [&hellip;]<\/p>\n","protected":false},"author":2,"featured_media":0,"parent":0,"menu_order":0,"comment_status":"closed","ping_status":"closed","template":"","meta":{"footnotes":""},"class_list":["post-320","page","type-page","status-publish","hentry"],"_links":{"self":[{"href":"https:\/\/www.fotoklub-maribor.si\/klub\/wp-json\/wp\/v2\/pages\/320"}],"collection":[{"href":"https:\/\/www.fotoklub-maribor.si\/klub\/wp-json\/wp\/v2\/pages"}],"about":[{"href":"https:\/\/www.fotoklub-maribor.si\/klub\/wp-json\/wp\/v2\/types\/page"}],"author":[{"embeddable":true,"href":"https:\/\/www.fotoklub-maribor.si\/klub\/wp-json\/wp\/v2\/users\/2"}],"replies":[{"embeddable":true,"href":"https:\/\/www.fotoklub-maribor.si\/klub\/wp-json\/wp\/v2\/comments?post=320"}],"version-history":[{"count":5,"href":"https:\/\/www.fotoklub-maribor.si\/klub\/wp-json\/wp\/v2\/pages\/320\/revisions"}],"predecessor-version":[{"id":1157,"href":"https:\/\/www.fotoklub-maribor.si\/klub\/wp-json\/wp\/v2\/pages\/320\/revisions\/1157"}],"wp:attachment":[{"href":"https:\/\/www.fotoklub-maribor.si\/klub\/wp-json\/wp\/v2\/media?parent=320"}],"curies":[{"name":"wp","href":"https:\/\/api.w.org\/{rel}","templated":true}]}}