  {"id":36,"date":"2019-12-08T19:27:47","date_gmt":"2019-12-08T19:27:47","guid":{"rendered":"http:\/\/www.fotoklub-maribor.si\/klub\/?page_id=36"},"modified":"2019-12-08T19:27:47","modified_gmt":"2019-12-08T19:27:47","slug":"zgodovina-kluba","status":"publish","type":"page","link":"https:\/\/www.fotoklub-maribor.si\/klub\/zgodovina-kluba\/","title":{"rendered":"Zgodovina kluba"},"content":{"rendered":"<div>\n<p>Leta\u00a01936\u00a0je bil ustanovljen\u00a0Foto in kino klub Maribor\u00a0(od leta 1974 Fotoklub Maribor). Marca istega leta je bil ustanovni ob\u010dni zbor. Njegov prvi predsednik je bil dr. Jo\u017ee Gori\u010dar, prvi tajnik Viktor Pohar in prvi blagajnik Janko Dekleva. Po odhodu dr. Gori\u010darja iz Maribora je vodstvo kluba prevzel Marjan Pfeifer st., nato in\u017e. arh. Viktor Vi\u010di\u010d in tik pred drugo svetovno vojno dr. Valentin Ku\u0161ar (Simon Tihec,\u00a0Ljudska tehnika v Mariboru v\u010deraj in danes, Zveza dru\u0161tev za tehni\u010dno kulturo Maribor 1977\u20131979).<\/p>\n<p>Po drugi svetovni vojni je klub do leta 1960 vodil Fran Hlupi\u010d. V tem \u010dasu je bila dejavnost kluba usmerjena predvsem v izobra\u017eevanje in prirejanje \u0161tevilnih te\u010dajev. Po letu 1960 je v klub pri\u0161la mlaj\u0161a generacija ustvarjalcev, ki so na fotografskih razstavah dosegali uspeh za uspehom. Vrh je ta generacija dosegla leta 1971 z razstavo\u00a0Fotografija Mariborskega kroga\u00a0in leta 1973 z razstavoVidiki in usmeritve.<\/p>\n<p>Fotoklub Maribor je bil vse do konca\u00a080-ih nekak\u0161na\u00a0akademija za sodobno\u00a0 fotografijo, na kateri so \u0161tevilni avtorji pridobivali znanje, ki jim je omogo\u010dilo samostojno ustvarjanje in pozneje nadaljevanje \u0161tudija fotografije v tujini. \u017dal se je ve\u010dina teh, danes uglednih avtorjev, od kluba oddaljila, kakor da se sramujejo tega, kar jim je klub v preteklosti dal in tukaj pridobljenega znanja, ki jim je omogo\u010dilo, da so se lahko vpisali\u00a0na ugledne fotografske \u0161ole v tujini. Po vrnitvi pa so mu po ve\u010dini obrnili hrbet.<\/p>\n<p>Pred leti se je klub zna\u0161el na razpotju. Veliko \u0161tevilo fotografskih nate\u010dajev, katerih cilj je le pridobivanje to\u010dk za fotografske nazive, ki jih podeljujeta zveza in Mednarodna zveza za umetni\u0161ko fotografijo (FIAP), ni kriterij za kakovost, kaj \u0161ele napredek v fotografski umetnosti, razen pri posameznih izjemah. Kot posledica tega se je Fotoklub Maribor zna\u0161el pred dilemo, kako naprej.<\/p>\n<p>Danes je delovanje kluba usmerjeno na\u00a0 tri osnovna podro\u010dja:<\/p>\n<ul>\n<li>avtorsko fotografijo \u010dlanov kluba, pomo\u010d pri pripravi samostojnih projektov v razli\u010dnih galerijah in razstavi\u0161\u010dih ter sodelovanje na fotografskih nate\u010dajih,<\/li>\n<li>\u00a0delovanje oziroma upravljanje in vodenje Fotogalerije Stolp, ki predstavlja najvidnej\u0161i aspekt delovanja kluba ter<\/li>\n<li>\u00a0aktivnosti v Ateljeju za umetni\u0161ko fotografijo, kjer se prirejajo seminarji, delavnice, te\u010daji, klubski ve\u010deri, projekcije ter gostovanja tujih ustvarjalcev.<\/li>\n<\/ul>\n<p>Morda so prav to naloge, ki se pri\u010dakujejo od dana\u0161njega Fotokluba, da namre\u010d ustvarjalcem na podro\u010dju fotografske umetnosti omogo\u010da optimalne pogoje za delo, da je ponudnik kulturnih dobrin \u2013 pripravlja in organizira razstave v Fotogaleriji Stolp, jih posreduje drugim galerijam ter razstavi\u0161\u010dem, pripravlja projekcije v Ateljeju za umetni\u0161ko fotografijo, ob tem pa tudi ohranja kulturno dedi\u0161\u010dino na podro\u010dju fotografije, zbira in ureja arhive preminulih avtorjev, se ukvarja z zalo\u017eni\u0161tvom, izdajo monografij, katalogov s preglednih razstav, biltenov, urejanjem spletne strani in seveda izobra\u017euje, pripravlja delavnice, seminarje in te\u010daje.<\/p>\n<p>\u017dal v spremenjenih dru\u017ebenih vrednotah delovanje kluba zahteva vse ve\u010d sredstev, saj \u010dasi volunterstva o\u010ditno minevajo. Vedno manj je tistih, ki so v klubu pripravljeni delati prostovoljno, kaj \u0161ele pripraviti te\u010daje, seminarje ali delavnice. V klubu le \u0161e pe\u0161\u010dica pozablja, da je denar postal sveta vladar.<\/p>\n<p>Bodo\u010dnost kluba je tako prepu\u0161\u010dena tistim, ki ga nesebi\u010dno vodijo in pripravljajo razli\u010dne dejavnosti, ter zaposlenim v programu javnih del in evropskih zaposlitvenih skladih, brez katerih si delovanje kluba, galerije in ateljeja ni mogo\u010de predstavljati v tak\u0161nem obsegu, kot ga poznamo danes. Prav s profesionalnim vodstvom in sposobnim kadrom bo Fotoklub Maribor tudi v prihodnje odigral vlogo, ki jo ima v sedanjem kulturnem prostoru.<\/p>\n<\/div>\n","protected":false},"excerpt":{"rendered":"<p>Leta\u00a01936\u00a0je bil ustanovljen\u00a0Foto in kino klub Maribor\u00a0(od leta 1974 Fotoklub Maribor). Marca istega leta je bil ustanovni ob\u010dni zbor. Njegov prvi predsednik je bil dr. Jo\u017ee Gori\u010dar, prvi tajnik Viktor Pohar in prvi blagajnik Janko Dekleva. Po odhodu dr. Gori\u010darja iz Maribora je vodstvo kluba prevzel Marjan Pfeifer st., nato in\u017e. arh. Viktor Vi\u010di\u010d in [&hellip;]<\/p>\n","protected":false},"author":1,"featured_media":0,"parent":0,"menu_order":0,"comment_status":"closed","ping_status":"closed","template":"","meta":{"footnotes":""},"class_list":["post-36","page","type-page","status-publish","hentry"],"_links":{"self":[{"href":"https:\/\/www.fotoklub-maribor.si\/klub\/wp-json\/wp\/v2\/pages\/36"}],"collection":[{"href":"https:\/\/www.fotoklub-maribor.si\/klub\/wp-json\/wp\/v2\/pages"}],"about":[{"href":"https:\/\/www.fotoklub-maribor.si\/klub\/wp-json\/wp\/v2\/types\/page"}],"author":[{"embeddable":true,"href":"https:\/\/www.fotoklub-maribor.si\/klub\/wp-json\/wp\/v2\/users\/1"}],"replies":[{"embeddable":true,"href":"https:\/\/www.fotoklub-maribor.si\/klub\/wp-json\/wp\/v2\/comments?post=36"}],"version-history":[{"count":1,"href":"https:\/\/www.fotoklub-maribor.si\/klub\/wp-json\/wp\/v2\/pages\/36\/revisions"}],"predecessor-version":[{"id":37,"href":"https:\/\/www.fotoklub-maribor.si\/klub\/wp-json\/wp\/v2\/pages\/36\/revisions\/37"}],"wp:attachment":[{"href":"https:\/\/www.fotoklub-maribor.si\/klub\/wp-json\/wp\/v2\/media?parent=36"}],"curies":[{"name":"wp","href":"https:\/\/api.w.org\/{rel}","templated":true}]}}