  {"id":7,"date":"2019-12-08T19:10:16","date_gmt":"2019-12-08T19:10:16","guid":{"rendered":"http:\/\/www.fotoklub-maribor.si\/klub\/?page_id=7"},"modified":"2025-07-31T04:57:41","modified_gmt":"2025-07-31T04:57:41","slug":"osebna-izkaznica","status":"publish","type":"page","link":"https:\/\/www.fotoklub-maribor.si\/klub\/osebna-izkaznica\/","title":{"rendered":"Osebna izkaznica"},"content":{"rendered":"<h2>Fotoklub Maribor<\/h2>\n<p>Nevladna organizacija v javnem interesu Republike Slovenije na podro\u010dju kulture, odlo\u010dba Ministrstva za kulturo \u0161tev.:\u00a00140-10\/2019\/4 z dne 23.1.2019<\/p>\n<p><strong>Naslov:<\/strong> \u017didovska ulica 6, p.p. 1512 2001 Maribor, Slovenija<br \/>\n<strong>E-po\u0161ta:<\/strong> info@fotoklub-maribor.si<br \/>\n<strong>Dav\u010dna \u0161tevilka:<\/strong> 74935887,<br \/>\n<strong>Mati\u010dna \u0161tevilka:<\/strong> 5124425<br \/>\n<strong>\u0160tev. transakcijskega ra\u010duna:<\/strong> SI56 6100 0000 9320 010 (DELAVKSA HRANILNICA)<\/p>\n<p>Odgovorna oseba\/predsednik: Brane P. Kos<\/p>\n<p><strong>Uradne ure<\/strong> ob torkih med 18.00 in 19.00.<\/p>\n<p>Statut dru\u0161tva:<br \/>\n<a href=\"http:\/\/www.fotoklub-maribor.si\/klub\/wp-content\/uploads\/sites\/2\/2020\/05\/statut-fotokluba-maribor-2020.pdf\">Statut Fotokluba Maribor <\/a><br \/>\nStatus dru\u0161tva v javnem interesu: Odlo\u010dna MK \u0161tev. 0140-10\/2019\/4 z dne 23.1.2019:<br \/>\n<a href=\"http:\/\/www.fotoklub-maribor.si\/klub\/wp-content\/uploads\/sites\/2\/2019\/12\/status-v-javnem-interesu-2019.pdf\">status v javnem interesu 2019<\/a><\/p>\n","protected":false},"excerpt":{"rendered":"<p>Fotoklub Maribor Nevladna organizacija v javnem interesu Republike Slovenije na podro\u010dju kulture, odlo\u010dba Ministrstva za kulturo \u0161tev.:\u00a00140-10\/2019\/4 z dne 23.1.2019 Naslov: \u017didovska ulica 6, p.p. 1512 2001 Maribor, Slovenija E-po\u0161ta: info@fotoklub-maribor.si Dav\u010dna \u0161tevilka: 74935887, Mati\u010dna \u0161tevilka: 5124425 \u0160tev. transakcijskega ra\u010duna: SI56 6100 0000 9320 010 (DELAVKSA HRANILNICA) Odgovorna oseba\/predsednik: Brane P. Kos Uradne ure ob [&hellip;]<\/p>\n","protected":false},"author":1,"featured_media":0,"parent":0,"menu_order":0,"comment_status":"closed","ping_status":"closed","template":"","meta":{"footnotes":""},"class_list":["post-7","page","type-page","status-publish","hentry"],"_links":{"self":[{"href":"https:\/\/www.fotoklub-maribor.si\/klub\/wp-json\/wp\/v2\/pages\/7"}],"collection":[{"href":"https:\/\/www.fotoklub-maribor.si\/klub\/wp-json\/wp\/v2\/pages"}],"about":[{"href":"https:\/\/www.fotoklub-maribor.si\/klub\/wp-json\/wp\/v2\/types\/page"}],"author":[{"embeddable":true,"href":"https:\/\/www.fotoklub-maribor.si\/klub\/wp-json\/wp\/v2\/users\/1"}],"replies":[{"embeddable":true,"href":"https:\/\/www.fotoklub-maribor.si\/klub\/wp-json\/wp\/v2\/comments?post=7"}],"version-history":[{"count":9,"href":"https:\/\/www.fotoklub-maribor.si\/klub\/wp-json\/wp\/v2\/pages\/7\/revisions"}],"predecessor-version":[{"id":1274,"href":"https:\/\/www.fotoklub-maribor.si\/klub\/wp-json\/wp\/v2\/pages\/7\/revisions\/1274"}],"wp:attachment":[{"href":"https:\/\/www.fotoklub-maribor.si\/klub\/wp-json\/wp\/v2\/media?parent=7"}],"curies":[{"name":"wp","href":"https:\/\/api.w.org\/{rel}","templated":true}]}}